{"id":66322,"date":"2026-03-04T10:52:51","date_gmt":"2026-03-04T09:52:51","guid":{"rendered":"https:\/\/wedlinyzjedliny.pl\/?page_id=66322"},"modified":"2026-03-04T13:01:33","modified_gmt":"2026-03-04T12:01:33","slug":"newsletter","status":"publish","type":"page","link":"https:\/\/wedlinyzjedliny.pl\/en\/newsletter\/","title":{"rendered":"Newsletter"},"content":{"rendered":"\t\t<div data-elementor-type=\"wp-page\" data-elementor-id=\"66322\" class=\"elementor elementor-66322\" data-elementor-post-type=\"page\">\n\t\t\t\t<div class=\"elementor-element elementor-element-e470621 e-flex e-con-boxed e-con e-child\" data-id=\"e470621\" data-element_type=\"container\" data-e-type=\"container\" data-settings=\"{&quot;background_background&quot;:&quot;classic&quot;}\">\n\t\t\t\t\t<div class=\"e-con-inner\">\n\t\t\t\t<div class=\"elementor-element elementor-element-d48d91a elementor-widget elementor-widget-heading\" data-id=\"d48d91a\" data-element_type=\"widget\" data-e-type=\"widget\" data-widget_type=\"heading.default\">\n\t\t\t\t<div class=\"elementor-widget-container\">\n\t\t\t\t\t<h1 class=\"elementor-heading-title elementor-size-default\">B\u0105d\u017a na bie\u017c\u0105co z nowo\u015bciami i promocjami\n<\/h1>\t\t\t\t<\/div>\n\t\t\t\t<\/div>\n\t\t\t\t<div class=\"elementor-element elementor-element-2fb3d04 elementor-widget elementor-widget-text-editor\" data-id=\"2fb3d04\" data-element_type=\"widget\" data-e-type=\"widget\" data-widget_type=\"text-editor.default\">\n\t\t\t\t<div class=\"elementor-widget-container\">\n\t\t\t\t\t\t\t\t\t<p>Zapisz si\u0119 do newslettera i otrzymuj informacje o nowych boxach oraz wyj\u0105tkowych promocjach.<\/p>\t\t\t\t\t\t\t\t<\/div>\n\t\t\t\t<\/div>\n\t\t\t\t<div class=\"elementor-element elementor-element-316a311 elementor-widget__width-initial elementor-widget-mobile__width-inherit elementor-button-align-start elementor-widget elementor-widget-form\" data-id=\"316a311\" data-element_type=\"widget\" data-e-type=\"widget\" data-settings=\"{&quot;button_width&quot;:&quot;30&quot;,&quot;step_next_label&quot;:&quot;Next&quot;,&quot;button_width_mobile&quot;:&quot;100&quot;,&quot;button_width_tablet&quot;:&quot;25&quot;,&quot;step_previous_label&quot;:&quot;Previous&quot;,&quot;step_type&quot;:&quot;number_text&quot;,&quot;step_icon_shape&quot;:&quot;circle&quot;}\" data-widget_type=\"form.default\">\n\t\t\t\t<div class=\"elementor-widget-container\">\n\t\t\t\t\t\t\t<form class=\"elementor-form\" method=\"post\" name=\"New Form\" aria-label=\"New Form\">\n\t\t\t<input type=\"hidden\" name=\"post_id\" value=\"66322\"\/>\n\t\t\t<input type=\"hidden\" name=\"form_id\" value=\"316a311\"\/>\n\t\t\t<input type=\"hidden\" name=\"referer_title\" value=\"\" \/>\n\n\t\t\t\n\t\t\t<div class=\"elementor-form-fields-wrapper elementor-labels-above\">\n\t\t\t\t\t\t\t\t<div class=\"elementor-field-type-text elementor-field-group elementor-column elementor-field-group-name elementor-col-30 elementor-md-75\">\n\t\t\t\t\t\t\t\t\t\t\t\t\t<input size=\"1\" type=\"text\" name=\"form_fields[name]\" id=\"form-field-name\" class=\"elementor-field elementor-size-sm  elementor-field-textual\" placeholder=\"Twoje imie\">\n\t\t\t\t\t\t\t\t\t\t\t<\/div>\n\t\t\t\t\t\t\t\t<div class=\"elementor-field-type-email elementor-field-group elementor-column elementor-field-group-field_5680846 elementor-col-40 elementor-md-75\">\n\t\t\t\t\t\t\t\t\t\t\t\t\t<input size=\"1\" type=\"email\" name=\"form_fields[field_5680846]\" id=\"form-field-field_5680846\" class=\"elementor-field elementor-size-sm  elementor-field-textual\" placeholder=\"Adres Email\">\n\t\t\t\t\t\t\t\t\t\t\t<\/div>\n\t\t\t\t\t\t\t\t<div class=\"elementor-field-group elementor-column elementor-field-type-submit elementor-col-30 e-form__buttons elementor-md-25 elementor-sm-100\">\n\t\t\t\t\t<button class=\"elementor-button elementor-size-sm elementor-animation-float\" type=\"submit\">\n\t\t\t\t\t\t<span class=\"elementor-button-content-wrapper\">\n\t\t\t\t\t\t\t\t\t\t\t\t\t\t\t\t\t\t\t\t\t\t<span class=\"elementor-button-text\">Zapisz si\u0119<\/span>\n\t\t\t\t\t\t\t\t\t\t\t\t\t<\/span>\n\t\t\t\t\t<\/button>\n\t\t\t\t<\/div>\n\t\t\t<\/div>\n\t\t<\/form>\n\t\t\t\t\t\t<\/div>\n\t\t\t\t<\/div>\n\t\t\t\t\t<\/div>\n\t\t\t\t<\/div>\n\t\t\t\t<\/div>\n\t\t","protected":false},"excerpt":{"rendered":"<p>B\u0105d\u017a na bie\u017c\u0105co z nowo\u015bciami i promocjami Zapisz si\u0119 do newslettera i otrzymuj informacje o nowych boxach oraz wyj\u0105tkowych promocjach.<\/p>","protected":false},"author":1,"featured_media":0,"parent":0,"menu_order":0,"comment_status":"closed","ping_status":"closed","template":"","meta":{"_acf_changed":false,"footnotes":""},"class_list":["post-66322","page","type-page","status-publish","hentry"],"acf":[],"_links":{"self":[{"href":"https:\/\/wedlinyzjedliny.pl\/en\/wp-json\/wp\/v2\/pages\/66322","targetHints":{"allow":["GET"]}}],"collection":[{"href":"https:\/\/wedlinyzjedliny.pl\/en\/wp-json\/wp\/v2\/pages"}],"about":[{"href":"https:\/\/wedlinyzjedliny.pl\/en\/wp-json\/wp\/v2\/types\/page"}],"author":[{"embeddable":true,"href":"https:\/\/wedlinyzjedliny.pl\/en\/wp-json\/wp\/v2\/users\/1"}],"replies":[{"embeddable":true,"href":"https:\/\/wedlinyzjedliny.pl\/en\/wp-json\/wp\/v2\/comments?post=66322"}],"version-history":[{"count":64,"href":"https:\/\/wedlinyzjedliny.pl\/en\/wp-json\/wp\/v2\/pages\/66322\/revisions"}],"predecessor-version":[{"id":66398,"href":"https:\/\/wedlinyzjedliny.pl\/en\/wp-json\/wp\/v2\/pages\/66322\/revisions\/66398"}],"wp:attachment":[{"href":"https:\/\/wedlinyzjedliny.pl\/en\/wp-json\/wp\/v2\/media?parent=66322"}],"curies":[{"name":"wp","href":"https:\/\/api.w.org\/{rel}","templated":true}]}}