{"id":453,"date":"2025-03-13T01:18:34","date_gmt":"2025-03-13T00:18:34","guid":{"rendered":"https:\/\/wedlinyzjedliny.pl\/?page_id=453"},"modified":"2026-04-28T13:55:21","modified_gmt":"2026-04-28T11:55:21","slug":"the-terms","status":"publish","type":"page","link":"https:\/\/wedlinyzjedliny.pl\/en\/regulamin\/","title":{"rendered":"Terms and Conditions"},"content":{"rendered":"\t\t<div data-elementor-type=\"wp-page\" data-elementor-id=\"453\" class=\"elementor elementor-453\" data-elementor-post-type=\"page\">\n\t\t\t\t<div class=\"elementor-element elementor-element-e9dcbb1 e-flex e-con-boxed e-con e-parent\" data-id=\"e9dcbb1\" data-element_type=\"container\" data-e-type=\"container\">\n\t\t\t\t\t<div class=\"e-con-inner\">\n\t\t\t\t<div class=\"elementor-element elementor-element-032dd73 elementor-widget elementor-widget-text-editor\" data-id=\"032dd73\" data-element_type=\"widget\" data-e-type=\"widget\" data-widget_type=\"text-editor.default\">\n\t\t\t\t<div class=\"elementor-widget-container\">\n\t\t\t\t\t\t\t\t\t<h2><strong>\u00a71. Postanowienia og\u00f3lne<\/strong><\/h2>\n<ol data-start=\"332\" data-end=\"891\">\n<li data-start=\"332\" data-end=\"580\">\n<p data-start=\"335\" data-end=\"580\">Sklep internetowy <strong data-start=\"353\" data-end=\"374\">W\u0119dliny z Jedliny<\/strong>, dost\u0119pny pod adresem [<a href=\"http:\/\/www.wedlinyzjedliny.pl\" target=\"_new\" rel=\"noopener\">www.wedlinyzjedliny.pl<\/a>], prowadzony jest przez firm\u0119 <strong data-start=\"451\" data-end=\"487\">W\u0118DLINY Z JEDLINY SP\u00d3\u0141KA Z OGRANICZON\u0104 ODPOWIEDZIALNO\u015aCI\u0104<\/strong>, z siedzib\u0105 przy ul. Wolska 13, 43-220 Jedlina, Polska, NIP: 6463022917, REGON: 542433825, KRS:&nbsp;0001188161. Kapita\u0142 zak\u0142adowy:&nbsp;5 tys. z\u0142.&nbsp;Nazwa organu prowadz\u0105cego rejestr, do kt\u00f3rego wpisana jest firma: S\u0104D REJONOWY KATOWICE-WSCH\u00d3D W KATOWICACH, VIII WYDZIA\u0141 GOSPODARCZY KRAJOWEGO REJESTRU S\u0104DOWEGO.<\/p>\n<\/li>\n<li data-start=\"581\" data-end=\"744\">\n<p data-start=\"584\" data-end=\"744\">Regulamin okre\u015bla zasady korzystania ze sklepu internetowego, sk\u0142adania zam\u00f3wie\u0144, realizacji um\u00f3w sprzeda\u017cy oraz reklamacji, w tym prawa i obowi\u0105zki Klient\u00f3w.<\/p>\n<\/li>\n<li data-start=\"745\" data-end=\"814\">\n<p data-start=\"748\" data-end=\"814\">Podmiotem \u015bwiadcz\u0105cym obs\u0142ug\u0119 p\u0142atno\u015bci online jest Autopay S.A oraz imoje.<\/p>\n<\/li>\n<li data-start=\"815\" data-end=\"891\">\n<p data-start=\"818\" data-end=\"891\">Kontakt z firm\u0105 mo\u017cliwy jest pod adresem e-mail: kontakt@wedlinyzjedliny.pl<a rel=\"noopener\" data-start=\"867\" data-end=\"889\">&nbsp;lub telefonicznie +48 780 058 972<\/a><\/p>\n<\/li>\n<\/ol>\n<h2 data-start=\"898\" data-end=\"916\">&nbsp;<\/h2>\n<h2 data-start=\"898\" data-end=\"916\"><strong>\u00a72. Definicje<\/strong><\/h2>\n<ol data-start=\"918\" data-end=\"1806\">\n<li data-start=\"918\" data-end=\"1080\">\n<p data-start=\"921\" data-end=\"1080\"><strong data-start=\"921\" data-end=\"942\">Sklep internetowy<\/strong> \u2013 serwis internetowy dost\u0119pny pod adresem [<a href=\"http:\/\/www.wedlinyzjedliny.pl\" target=\"_new\" rel=\"noopener\">www.wedlinyzjedliny.pl<\/a>], za po\u015brednictwem kt\u00f3rego Klient mo\u017ce z\u0142o\u017cy\u0107 zam\u00f3wienie na Produkty.<\/p>\n<\/li>\n<li data-start=\"1081\" data-end=\"1201\">\n<p data-start=\"1084\" data-end=\"1201\"><strong data-start=\"1084\" data-end=\"1098\">Sprzedawca<\/strong> \u2013 firma&nbsp;<span style=\"font-weight: bolder;\" data-start=\"451\" data-end=\"487\">W\u0118DLINY Z JEDLINY SP\u00d3\u0141KA Z OGRANICZON\u0104 ODPOWIEDZIALNO\u015aCI\u0104<\/span>, prowadz\u0105ca sklep internetowy i realizuj\u0105ca zam\u00f3wienia.<\/p>\n<\/li>\n<li data-start=\"1202\" data-end=\"1325\">\n<p data-start=\"1205\" data-end=\"1325\"><strong data-start=\"1205\" data-end=\"1215\">Klient<\/strong> \u2013 osoba fizyczna, osoba prawna lub jednostka organizacyjna, kt\u00f3ra sk\u0142ada zam\u00f3wienie w sklepie internetowym.<\/p>\n<\/li>\n<li data-start=\"1326\" data-end=\"1468\">\n<p data-start=\"1329\" data-end=\"1468\"><strong data-start=\"1329\" data-end=\"1340\">Produkt<\/strong> \u2013 towary dost\u0119pne w sklepie internetowym, oferowane przez Sprzedawc\u0119 na sprzeda\u017c, w tym w\u0119dliny oraz inne produkty spo\u017cywcze.<\/p>\n<\/li>\n<li data-start=\"1469\" data-end=\"1640\">\n<p data-start=\"1472\" data-end=\"1640\"><strong data-start=\"1472\" data-end=\"1491\">Umowa sprzeda\u017cy<\/strong> \u2013 umowa zawarta mi\u0119dzy Sprzedawc\u0105 a Klientem na odleg\u0142o\u015b\u0107, w kt\u00f3rej Sprzedawca zobowi\u0105zuje si\u0119 do dostarczenia Produktu, a Klient do zap\u0142aty ceny.<\/p>\n<\/li>\n<li data-start=\"1641\" data-end=\"1806\">\n<p data-start=\"1644\" data-end=\"1806\"><strong data-start=\"1644\" data-end=\"1668\">Us\u0142uga Elektroniczna<\/strong> \u2013 us\u0142ugi \u015bwiadczone przez Sprzedawc\u0119 za po\u015brednictwem strony internetowej, takie jak prowadzenie Konta Klienta, sk\u0142adanie zam\u00f3wie\u0144 itp.<\/p>\n<\/li>\n<\/ol>\n<h2 data-start=\"1813\" data-end=\"1856\">&nbsp;<\/h2>\n<h2 data-start=\"1813\" data-end=\"1856\"><strong>\u00a73. Rejestracja i sk\u0142adanie zam\u00f3wienia<\/strong><\/h2>\n<ol data-start=\"1858\" data-end=\"2511\">\n<li data-start=\"1858\" data-end=\"2026\">\n<p data-start=\"1861\" data-end=\"2026\">Aby z\u0142o\u017cy\u0107 zam\u00f3wienie w sklepie internetowym, Klient nie musi si\u0119 rejestrowa\u0107. Rejestracja jest dobrowolna i umo\u017cliwia \u0142atwiejsze sk\u0142adanie zam\u00f3wie\u0144 w przysz\u0142o\u015bci.<\/p>\n<\/li>\n<li data-start=\"2027\" data-end=\"2248\">\n<p data-start=\"2030\" data-end=\"2248\">Zam\u00f3wienie sk\u0142adane jest poprzez formularz dost\u0119pny na stronie internetowej. Klient zobowi\u0105zany jest do podania prawdziwych danych kontaktowych, adresowych oraz innych informacji niezb\u0119dnych do realizacji zam\u00f3wienia.<\/p>\n<\/li>\n<li data-start=\"2249\" data-end=\"2345\">\n<p data-start=\"2252\" data-end=\"2345\">Po z\u0142o\u017ceniu zam\u00f3wienia, Klient otrzyma potwierdzenie jego przyj\u0119cia na podany adres e-mail.<\/p>\n<\/li>\n<li data-start=\"2346\" data-end=\"2511\">\n<p data-start=\"2349\" data-end=\"2511\">Sprzedawca zastrzega sobie prawo do weryfikacji zam\u00f3wienia, a tak\u017ce do odmowy jego realizacji, je\u015bli dane podane przez Klienta s\u0105 niekompletne lub nieprawdziwe.<\/p>\n<\/li>\n<\/ol>\n<h2 data-start=\"2518\" data-end=\"2543\">&nbsp;<\/h2>\n<h2 data-start=\"2518\" data-end=\"2543\"><strong>\u00a74. Ceny i p\u0142atno\u015bci<\/strong><\/h2>\n<ol data-start=\"2545\" data-end=\"3416\">\n<li data-start=\"2545\" data-end=\"2640\">\n<p data-start=\"2548\" data-end=\"2640\">Ceny Produkt\u00f3w podane na stronie internetowej s\u0105 cenami brutto, zawieraj\u0105cymi podatek VAT.<\/p>\n<\/li>\n<li data-start=\"2641\" data-end=\"2856\">\n<p data-start=\"2644\" data-end=\"2729\">Klient mo\u017ce zap\u0142aci\u0107 za zam\u00f3wienie przy pomocy jednej z dost\u0119pnych metod p\u0142atno\u015bci:<\/p>\n<ul data-start=\"2733\" data-end=\"2856\">\n<li data-start=\"2733\" data-end=\"2752\">\n<p data-start=\"2735\" data-end=\"2752\">przelew bankowy<\/p>\n<\/li>\n<li data-start=\"2756\" data-end=\"2776\">\n<p data-start=\"2758\" data-end=\"2776\">p\u0142atno\u015bci online<\/p>\n<\/li>\n<li data-start=\"2780\" data-end=\"2809\">\n<p data-start=\"2782\" data-end=\"2809\">p\u0142atno\u015bci kart\u0105 p\u0142atnicz\u0105<\/p>\n<\/li>\n<li data-start=\"2813\" data-end=\"2856\">\n<p data-start=\"2815\" data-end=\"2856\">p\u0142atno\u015b\u0107 za pobraniem (je\u015bli dost\u0119pna).<\/p>\n<\/li>\n<\/ul>\n<\/li>\n<li data-start=\"2857\" data-end=\"3001\">\n<p data-start=\"2860\" data-end=\"2906\">Dost\u0119pne formy p\u0142atno\u015bci kart\u0105 p\u0142atnicz\u0105 to:<\/p>\n<ul data-start=\"2910\" data-end=\"3001\">\n<li data-start=\"2910\" data-end=\"2918\">\n<p data-start=\"2912\" data-end=\"2918\">Visa<\/p>\n<\/li>\n<li data-start=\"2922\" data-end=\"2939\">\n<p data-start=\"2924\" data-end=\"2939\">Visa Electron<\/p>\n<\/li>\n<li data-start=\"2943\" data-end=\"2957\">\n<p data-start=\"2945\" data-end=\"2957\">Mastercard<\/p>\n<\/li>\n<li data-start=\"2961\" data-end=\"2986\">\n<p data-start=\"2963\" data-end=\"2986\">MasterCard Electronic<\/p>\n<\/li>\n<li data-start=\"2990\" data-end=\"3001\">\n<p data-start=\"2992\" data-end=\"3001\">Maestro<\/p>\n<\/li>\n<\/ul>\n<\/li>\n<li data-start=\"3002\" data-end=\"3071\">\n<p data-start=\"3005\" data-end=\"3071\">Podmiotem \u015bwiadcz\u0105cym obs\u0142ug\u0119 p\u0142atno\u015bci online jest Autopay S.A.<\/p>\n<\/li>\n<li data-start=\"3072\" data-end=\"3261\">\n<p data-start=\"3075\" data-end=\"3261\">W przypadku wyst\u0105pienia konieczno\u015bci zwrotu \u015brodk\u00f3w za transakcj\u0119 dokonan\u0105 kart\u0105 p\u0142atnicz\u0105, Sprzedawca dokonuje zwrotu na rachunek bankowy przypisany do karty p\u0142atniczej Zamawiaj\u0105cego.<\/p>\n<\/li>\n<li data-start=\"3262\" data-end=\"3416\">\n<p data-start=\"3265\" data-end=\"3416\">Sprzedawca zastrzega sobie prawo do zmiany cen Produkt\u00f3w, przy czym zmiana ceny nie wp\u0142ywa na zam\u00f3wienia ju\u017c z\u0142o\u017cone i potwierdzone przez Sprzedawc\u0119.<\/p>\n<\/li>\n<\/ol>\n<h2 data-start=\"3423\" data-end=\"3453\">&nbsp;<\/h2>\n<h2 data-start=\"3423\" data-end=\"3453\"><strong>\u00a75. Realizacja zam\u00f3wienia<\/strong><\/h2>\n<ol data-start=\"3455\" data-end=\"3923\">\n<li data-start=\"3455\" data-end=\"3615\">\n<p data-start=\"3458\" data-end=\"3615\">Realizacja zam\u00f3wienia nast\u0119puje po zaksi\u0119gowaniu p\u0142atno\u015bci lub, w przypadku p\u0142atno\u015bci za pobraniem, po przyj\u0119ciu zam\u00f3wienia do realizacji przez Sprzedawc\u0119.<\/p>\n<\/li>\n<li data-start=\"3616\" data-end=\"3715\">\n<p data-start=\"3619\" data-end=\"3715\">Czas realizacji zam\u00f3wienia wynosi maksymalnie 7 dni roboczych od momentu przyj\u0119cia zam\u00f3wienia.<\/p>\n<\/li>\n<li data-start=\"3716\" data-end=\"3923\">\n<p data-start=\"3719\" data-end=\"3923\">Sprzedawca mo\u017ce odm\u00f3wi\u0107 realizacji zam\u00f3wienia w przypadku braku dost\u0119pno\u015bci Produktu lub innych przyczyn uniemo\u017cliwiaj\u0105cych jego realizacj\u0119; w takiej sytuacji Klient zostanie niezw\u0142ocznie poinformowany.<\/p>\n<\/li>\n<\/ol>\n<h2 data-start=\"3930\" data-end=\"3946\">&nbsp;<\/h2>\n<h2 data-start=\"3930\" data-end=\"3946\"><b>\u00a76. Dostawa<\/b><\/h2>\n<ol>\n<li data-start=\"322\" data-end=\"392\">\n<p data-start=\"325\" data-end=\"392\">Zam\u00f3wiony towar jest dostarczany na adres wskazany przez Klienta.<\/p>\n<\/li>\n<li data-start=\"393\" data-end=\"756\">\n<p data-start=\"396\" data-end=\"436\"><strong data-start=\"396\" data-end=\"434\">Metody dostawy dost\u0119pne w sklepie:<\/strong><\/p>\n<ul data-start=\"440\" data-end=\"756\">\n<li data-start=\"440\" data-end=\"557\">\n<p data-start=\"442\" data-end=\"462\">na terenie Polski:<\/p>\n<ul data-start=\"468\" data-end=\"557\">\n<li data-start=\"468\" data-end=\"512\">\n<p data-start=\"470\" data-end=\"512\">dostawa do paczkomatu InPost (bezp\u0142atna)<\/p>\n<\/li>\n<li data-start=\"518\" data-end=\"557\">\n<p data-start=\"520\" data-end=\"557\">dostawa kurierem InPost (bezp\u0142atna)<\/p>\n<\/li>\n<\/ul>\n<\/li>\n<li data-start=\"561\" data-end=\"756\">\n<p data-start=\"563\" data-end=\"611\">na terenie innych kraj\u00f3w dost\u0119pnych w sklepie:<\/p>\n<ul data-start=\"617\" data-end=\"756\">\n<li data-start=\"617\" data-end=\"756\">\n<p data-start=\"619\" data-end=\"756\">dostawa kurierska za po\u015brednictwem UPS (koszt uzale\u017cniony od kraju dostawy i wyliczany indywidualnie w trakcie sk\u0142adania zam\u00f3wienia).<\/p>\n<\/li>\n<\/ul>\n<\/li>\n<\/ul>\n<\/li>\n<li data-start=\"757\" data-end=\"885\">\n<p data-start=\"760\" data-end=\"885\">Koszt dostawy poza granice Polski jest obliczany automatycznie (od 10 euro do 150 euro)&nbsp; na etapie sk\u0142adania zam\u00f3wienia i zale\u017cy od kraju dor\u0119czenia.<\/p>\n<\/li>\n<li data-start=\"886\" data-end=\"1023\">\n<p data-start=\"889\" data-end=\"1023\">Sprzedawca zastrzega sobie prawo do ograniczenia dostaw do kraj\u00f3w, kt\u00f3re s\u0105 dost\u0119pne w formularzu zam\u00f3wienia w sklepie internetowym.<\/p>\n<\/li>\n<li data-start=\"1024\" data-end=\"1175\">\n<p data-start=\"1027\" data-end=\"1175\">Sprzedawca zastrzega sobie prawo do wyboru formy dostawy w przypadku przesy\u0142ek niestandardowych lub wymagaj\u0105cych szczeg\u00f3lnych warunk\u00f3w transportu.<\/p>\n<\/li>\n<li data-start=\"1176\" data-end=\"1375\">\n<p data-start=\"1179\" data-end=\"1375\">Klient zobowi\u0105zany jest do sprawdzenia przesy\u0142ki w chwili jej odbioru. W przypadku stwierdzenia uszkodzenia przesy\u0142ki Klient powinien niezw\u0142ocznie zg\u0142osi\u0107 ten fakt przewo\u017anikowi oraz Sprzedawcy.<\/p>\n<\/li>\n<\/ol>\n<h2 data-start=\"4552\" data-end=\"4587\">&nbsp;<\/h2>\n<h2 data-start=\"4552\" data-end=\"4587\"><strong>\u00a77. Prawo odst\u0105pienia od umowy<\/strong><\/h2>\n<ol data-start=\"4589\" data-end=\"4892\">\n<li data-start=\"4589\" data-end=\"4779\">\n<p data-start=\"4592\" data-end=\"4779\">Z uwagi na charakter produkt\u00f3w (\u017cywno\u015b\u0107, w tym w\u0119dliny), Klientowi nie przys\u0142uguje prawo odst\u0105pienia od umowy zawartej na odleg\u0142o\u015b\u0107, zgodnie z art. 38 pkt 4 ustawy o prawach konsumenta.<\/p>\n<\/li>\n<li data-start=\"4780\" data-end=\"4892\">\n<p data-start=\"4783\" data-end=\"4892\"><span style=\"background-color: transparent;\"><span style=\"background-color: transparent;\">Wyj\u0105tek stanowi sytuacja, w kt\u00f3rej Produkt jest wadliwy \u2013 w takim przypadku Klient mo\u017ce zg\u0142osi\u0107 reklamacj\u0119 zgodnie z procedur\u0105 reklamacyjn\u0105 okre\u015blon\u0105 w niniejszym regulaminie.<\/span><\/span><\/p>\n<\/li>\n<li data-start=\"4780\" data-end=\"4892\">\n<p data-start=\"4783\" data-end=\"4892\"><span style=\"background-color: transparent;\">Przedsi\u0119biorcy dokonuj\u0105cy zakup\u00f3w w celach zwi\u0105zanych z prowadzon\u0105 dzia\u0142alno\u015bci\u0105, jednak nieposiadaj\u0105cy dla kupuj\u0105cego charakteru zawodowego, nie maj\u0105 prawa odst\u0105pienia od umowy w ci\u0105gu 14 dni, z wyj\u0105tkiem sytuacji, gdy Produkt jest wadliwy i mog\u0105 zg\u0142osi\u0107 reklamacj\u0119 zgodnie z \u00a7 X niniejszego regulaminu.<\/span><\/p>\n<\/li>\n<li data-start=\"4780\" data-end=\"4892\">W przypadku, gdy przesy\u0142ka nie zostanie odebrana przez Klienta lub nie mo\u017ce zosta\u0107 dor\u0119czona z przyczyn le\u017c\u0105cych po stronie Klienta (np. b\u0142\u0119dny adres, nieobecno\u015b\u0107, brak kontaktu z kurierem), Produkt ulega zniszczeniu z uwagi na jego charakter (\u017cywno\u015b\u0107 \u0142atwo psuj\u0105ca si\u0119) i nie podlega ponownemu wykorzystaniu ani zwrotowi \u015brodk\u00f3w. Sprzedawca uznaje w\u00f3wczas umow\u0119 za wykonan\u0105 w ca\u0142o\u015bci i nie ponosi odpowiedzialno\u015bci za nieodebranie przesy\u0142ki przez Klienta.<\/li>\n<\/ol>\n<h2 data-start=\"4899\" data-end=\"4918\">&nbsp;<\/h2>\n<h2 data-start=\"4899\" data-end=\"4918\"><strong>\u00a78. Reklamacje<\/strong><\/h2>\n<ol>\n<li data-start=\"4920\" data-end=\"5039\">\n<p data-start=\"4923\" data-end=\"5039\"><span style=\"background-color: transparent;\"><span style=\"background-color: transparent;\">Klient ma prawo do sk\u0142adania reklamacji dotycz\u0105cych zakupionych Produkt\u00f3w, je\u015bli s\u0105 one niezgodne z umow\u0105 lub wadliwe.<\/span><\/span><\/p>\n<\/li>\n<li data-start=\"4920\" data-end=\"5039\">\n<p data-start=\"4923\" data-end=\"5039\"><span style=\"background-color: transparent;\">Reklamacje mo\u017cna zg\u0142asza\u0107 na adres e-mail: kontakt@wedlinyzjedliny.pl<\/span><span style=\"background-color: transparent;\">&nbsp;lub listownie na adres siedziby Sprzedawcy (ul. Wolska 13, 43-220 Jedlina,).<\/span><\/p>\n<\/li>\n<li data-start=\"5155\" data-end=\"5252\">\n<p data-start=\"5158\" data-end=\"5252\">Reklamacja powinna zawiera\u0107:<\/p>\n<ol>\n<li data-start=\"5155\" data-end=\"5252\">imi\u0119 i nazwisko lub nazw\u0119 firmy Klienta,<\/li>\n<li data-start=\"5155\" data-end=\"5252\">dane kontaktowe (adres, e-mail, numer telefonu),<\/li>\n<li data-start=\"5155\" data-end=\"5252\">numer zam\u00f3wienia,<\/li>\n<li data-start=\"5155\" data-end=\"5252\">dat\u0119 zakupu Produktu,<\/li>\n<li data-start=\"5155\" data-end=\"5252\">opis nieprawid\u0142owo\u015bci lub wady Produktu,<\/li>\n<li data-start=\"5155\" data-end=\"5252\">zdj\u0119cia reklamowanego Produktu przedstawiaj\u0105ce zg\u0142aszan\u0105 wad\u0119,<\/li>\n<li data-start=\"5155\" data-end=\"5252\">\u017c\u0105danie Klienta w zwi\u0105zku ze z\u0142o\u017con\u0105 reklamacj\u0105.<\/li>\n<\/ol>\n<\/li>\n<li data-start=\"5253\" data-end=\"5334\">Klient ma prawo do sk\u0142adania reklamacji dotycz\u0105cych zakupionych Produkt\u00f3w, je\u015bli s\u0105 one niezgodne z umow\u0105 lub wadliwe<\/li>\n<li data-start=\"5253\" data-end=\"5334\">\n<p data-start=\"5256\" data-end=\"5334\">Sprzedawca rozpatrzy reklamacj\u0119 w terminie do 14 dni od daty jej otrzymania i poinformuje Klienta o wyniku post\u0119powania w formie, w jakiej zosta\u0142a z\u0142o\u017cona reklamacj\u0105.<\/p>\n<\/li>\n<li data-start=\"5335\" data-end=\"5494\">\n<p data-start=\"5338\" data-end=\"5494\">W przypadku pozytywnego rozpatrzenia reklamacji, Sprzedawca:<\/p>\n<ol>\n<li data-start=\"5335\" data-end=\"5494\">wymieni Produkt na nowy,<\/li>\n<li data-start=\"5335\" data-end=\"5494\">&nbsp;usunie wad\u0119,<\/li>\n<li data-start=\"5335\" data-end=\"5494\">zwr\u00f3ci Klientowi r\u00f3wnowarto\u015b\u0107 ceny Produktu, w zale\u017cno\u015bci od sytuacji i wyboru Klienta.<\/li>\n<\/ol>\n<\/li>\n<li>Przepisy niniejszego paragrafu stosuje si\u0119 zar\u00f3wno do konsument\u00f3w, jak i do os\u00f3b fizycznych prowadz\u0105cych dzia\u0142alno\u015b\u0107 gospodarcz\u0105, kt\u00f3re dokonuj\u0105 zakupu Produkt\u00f3w w celach niezwi\u0105zanych z prowadzon\u0105 dzia\u0142alno\u015bci\u0105 gospodarcz\u0105.<\/li>\n<\/ol>\n<h2 data-start=\"5501\" data-end=\"5534\">&nbsp;<\/h2>\n<h2 data-start=\"5501\" data-end=\"5534\"><strong>\u00a79. Ochrona danych osobowych<\/strong><\/h2>\n<ol data-start=\"5536\" data-end=\"5855\">\n<li data-start=\"5536\" data-end=\"5599\">\n<p data-start=\"5539\" data-end=\"5599\">Administratorem danych osobowych Klient\u00f3w jest Sprzedawca.<\/p>\n<\/li>\n<li data-start=\"5600\" data-end=\"5731\">\n<p data-start=\"5603\" data-end=\"5731\">Dane osobowe przetwarzane s\u0105 w celu realizacji zam\u00f3wienia, kontaktu z Klientem oraz zgodnie z obowi\u0105zuj\u0105cymi przepisami prawa.<\/p>\n<\/li>\n<li data-start=\"5732\" data-end=\"5855\">\n<p data-start=\"5735\" data-end=\"5855\">Klient ma prawo wgl\u0105du do swoich danych, ich poprawiania lub \u017c\u0105dania usuni\u0119cia w przypadku ustania celu przetwarzania.<\/p>\n<\/li>\n<\/ol>\n<h2 data-start=\"5862\" data-end=\"5893\">&nbsp;<\/h2>\n<h2 data-start=\"5862\" data-end=\"5893\"><b>\u00a710. Postanowienia ko\u0144cowe<\/b><\/h2>\n<ol data-start=\"5895\" data-end=\"6341\">\n<li data-start=\"5895\" data-end=\"6002\">\n<p data-start=\"5898\" data-end=\"6002\">Umowy zawierane poprzez sklep internetowy <strong data-start=\"5940\" data-end=\"5961\">W\u0119dliny z Jedliny<\/strong> s\u0105 zawierane zgodnie z prawem polskim.<\/p>\n<\/li>\n<li data-start=\"6003\" data-end=\"6202\">\n<p data-start=\"6006\" data-end=\"6202\">W przypadku zmian niniejszego Regulaminu, Sprzedawca poinformuje Klient\u00f3w poprzez publikacj\u0119 na stronie internetowej sklepu; zmiany nie maj\u0105 wp\u0142ywu na zam\u00f3wienia z\u0142o\u017cone przed ich wprowadzeniem.<\/p>\n<\/li>\n<li data-start=\"6203\" data-end=\"6295\">\n<p data-start=\"6206\" data-end=\"6295\">Wszelkie spory b\u0119d\u0105 rozstrzygane przez s\u0105d powszechny w\u0142a\u015bciwy dla siedziby Sprzedawcy.<\/p>\n<\/li>\n<li data-start=\"6296\" data-end=\"6341\">\n<p data-start=\"6299\" data-end=\"6341\">Regulamin obowi\u0105zuje od dnia 28.03.2025.<\/p>\n<\/li>\n<\/ol>\n<h2 data-start=\"5862\" data-end=\"5893\"><strong>\u00a711. Informacje o pochodzeniu produkt\u00f3w<\/strong><\/h2>\n<ol>\n<li>Wszystkie produkty oferowane w sklepie pochodz\u0105 od sprawdzonego producenta, spe\u0142niaj\u0105cego wymogi sanitarne i weterynaryjne obowi\u0105zuj\u0105ce na terenie Polski oraz Unii Europejskiej.<\/li>\n<li>W\u0119dliny dost\u0119pne w ofercie pochodz\u0105 od producenta: Zak\u0142ady Mi\u0119sne Boro\u0144 Sp. z o.o., ul. Wolska 13, 43-220 Jedlina.<\/li>\n<li>Weronika Boro\u0144, w\u0142a\u015bcicielka firmy W\u0119dliny z Jedliny Weronika Boro\u0144, wyst\u0119puje jako dystrybutor i sprzedawca gotowych wyrob\u00f3w \u2013 nie jest ich producentem.<\/li>\n<li>Szczeg\u00f3\u0142owe informacje o producencie i sk\u0142adzie ka\u017cdego produktu znajduj\u0105 si\u0119 w opisie danego wyrobu na stronie sklepu.<\/li>\n<\/ol>\n<h2 data-start=\"5862\" data-end=\"5893\"><strong>\u00a712 Dokumentacja sprzeda\u017cy (E-paragony)<\/strong><\/h2>\n<ol>\n<li>&nbsp;Sprzedawca wystawia i dostarcza dowody zakupu w formie elektronicznej (e-paragon)<\/li>\n<li>Klient, dokonuj\u0105c zakupu w Sklepie i akceptuj\u0105c niniejszy Regulamin, wyra\u017ca zgod\u0119 na otrzymywanie e-paragonu w formie pliku cyfrowego.<\/li>\n<li>E-paragon jest przysy\u0142any na adres e-mail podany przez Klienta w formularzu zam\u00f3wienia niezw\u0142ocznie po dokonaniu sprzeda\u017cy.<\/li>\n<\/ol>\n<h2 data-start=\"5862\" data-end=\"5893\"><strong>\u00a713 Opinie o produktach<\/strong><\/h2>\n<ol>\n<li>Klienci Sklepu mog\u0105 dobrowolnie dodawa\u0107 opinie o zakupionych Produktach.<\/li>\n<li>Publikowane w Sklepie opinie pochodz\u0105 wy\u0142\u0105cznie od Klient\u00f3w, kt\u00f3rzy dokonali zakupu danego Produktu w Sklepie internetowym.<\/li>\n<li>Weryfikacja opinii polega na sprawdzeniu, czy osoba dodaj\u0105ca opini\u0119 dokona\u0142a zakupu Produktu w Sklepie, w szczeg\u00f3lno\u015bci poprzez powi\u0105zanie opinii z histori\u0105 zam\u00f3wienia Klienta.<\/li>\n<li>Sprzedawca stosuje moderacj\u0119 opinii przed ich publikacj\u0105. Moderacja polega na sprawdzeniu zgodno\u015bci opinii z przepisami prawa oraz niniejszym Regulaminem.<\/li>\n<li>Sprzedawca mo\u017ce odm\u00f3wi\u0107 publikacji opinii lub usun\u0105\u0107 opini\u0119 w szczeg\u00f3lno\u015bci w przypadku gdy:<br>a) zawiera tre\u015bci wulgarne, obra\u017aliwe lub naruszaj\u0105ce dobra osobiste os\u00f3b trzecich,<br>b) zawiera dane osobowe lub informacje wra\u017cliwe,<br>c) opinia zosta\u0142a dodana przez osob\u0119, kt\u00f3ra nie dokona\u0142a zakupu danego Produktu w Sklepie (weryfikacja odbywa si\u0119 poprzez dopasowanie adresu e-mail osoby dodaj\u0105cej opini\u0119 do danych zam\u00f3wienia w systemie sklepu),<br>d) ma charakter reklamowy, spamowy lub promocyjny.<\/li>\n<li>Moderacja opinii nie polega na selekcjonowaniu opinii wed\u0142ug ich pozytywnego lub negatywnego charakteru. Publikowane mog\u0105 by\u0107 zar\u00f3wno opinie pozytywne, jak i negatywne.<\/li>\n<\/ol>\n<h2 data-start=\"5862\" data-end=\"5893\"><strong>\u00a714&nbsp;Konto Klienta<\/strong><\/h2>\n<ol>\n<li>Klient mo\u017ce utworzy\u0107 Konto Klienta w Sklepie internetowym poprzez dokonanie rejestracji.<\/li>\n<li>Rejestracja Konta Klienta jest dobrowolna i bezp\u0142atna.<\/li>\n<li>W celu za\u0142o\u017cenia Konta Klienta konieczne jest podanie adresu e-mail oraz ustanowienie has\u0142a.<\/li>\n<li>Konto Klienta umo\u017cliwia w szczeg\u00f3lno\u015bci:<br>a) sk\u0142adanie zam\u00f3wie\u0144 bez konieczno\u015bci ka\u017cdorazowego podawania danych,<br>b) dost\u0119p do historii zam\u00f3wie\u0144,<br>c) zarz\u0105dzanie danymi Klienta.<\/li>\n<li>Klient zobowi\u0105zany jest do podania prawdziwych danych podczas rejestracji oraz do nieudost\u0119pniania danych logowania osobom trzecim.<\/li>\n<li>Klient mo\u017ce w ka\u017cdej chwili usun\u0105\u0107 Konto Klienta poprzez kontakt ze Sprzedawc\u0105 lub za po\u015brednictwem funkcjonalno\u015bci dost\u0119pnych w Koncie Klienta.<\/li>\n<li>Sprzedawca mo\u017ce usun\u0105\u0107 Konto Klienta w przypadku naruszenia przez Klienta postanowie\u0144 niniejszego Regulaminu lub obowi\u0105zuj\u0105cych przepis\u00f3w prawa.<\/li>\n<\/ol>\t\t\t\t\t\t\t\t<\/div>\n\t\t\t\t<\/div>\n\t\t\t\t\t<\/div>\n\t\t\t\t<\/div>\n\t\t\t\t<\/div>\n\t\t","protected":false},"excerpt":{"rendered":"<p>\u00a71. Postanowienia og\u00f3lne Sklep internetowy W\u0119dliny z Jedliny, dost\u0119pny pod adresem [www.wedlinyzjedliny.pl], prowadzony jest przez firm\u0119 W\u0118DLINY Z JEDLINY SP\u00d3\u0141KA Z OGRANICZON\u0104 ODPOWIEDZIALNO\u015aCI\u0104, z siedzib\u0105 przy ul. Wolska 13, 43-220 Jedlina, Polska, NIP: 6463022917, REGON: 542433825, KRS:&nbsp;0001188161. Kapita\u0142 zak\u0142adowy:&nbsp;5 tys. z\u0142.&nbsp;Nazwa organu prowadz\u0105cego rejestr, do kt\u00f3rego wpisana jest firma: S\u0104D REJONOWY KATOWICE-WSCH\u00d3D W KATOWICACH, VIII [&hellip;]<\/p>\n","protected":false},"author":1,"featured_media":0,"parent":0,"menu_order":0,"comment_status":"closed","ping_status":"closed","template":"","meta":{"_acf_changed":false,"footnotes":""},"class_list":["post-453","page","type-page","status-publish","hentry"],"acf":[],"_links":{"self":[{"href":"https:\/\/wedlinyzjedliny.pl\/en\/wp-json\/wp\/v2\/pages\/453","targetHints":{"allow":["GET"]}}],"collection":[{"href":"https:\/\/wedlinyzjedliny.pl\/en\/wp-json\/wp\/v2\/pages"}],"about":[{"href":"https:\/\/wedlinyzjedliny.pl\/en\/wp-json\/wp\/v2\/types\/page"}],"author":[{"embeddable":true,"href":"https:\/\/wedlinyzjedliny.pl\/en\/wp-json\/wp\/v2\/users\/1"}],"replies":[{"embeddable":true,"href":"https:\/\/wedlinyzjedliny.pl\/en\/wp-json\/wp\/v2\/comments?post=453"}],"version-history":[{"count":106,"href":"https:\/\/wedlinyzjedliny.pl\/en\/wp-json\/wp\/v2\/pages\/453\/revisions"}],"predecessor-version":[{"id":72419,"href":"https:\/\/wedlinyzjedliny.pl\/en\/wp-json\/wp\/v2\/pages\/453\/revisions\/72419"}],"wp:attachment":[{"href":"https:\/\/wedlinyzjedliny.pl\/en\/wp-json\/wp\/v2\/media?parent=453"}],"curies":[{"name":"wp","href":"https:\/\/api.w.org\/{rel}","templated":true}]}}