{"id":5005,"date":"2025-09-08T02:58:27","date_gmt":"2025-09-08T00:58:27","guid":{"rendered":"https:\/\/wedlinyzjedliny.pl\/?post_type=product&#038;p=5005"},"modified":"2026-04-24T17:55:28","modified_gmt":"2026-04-24T15:55:28","slug":"box-mistrzowski","status":"publish","type":"product","link":"https:\/\/wedlinyzjedliny.pl\/de\/produkt\/box-mistrzowski\/","title":{"rendered":"Meister-Box"},"content":{"rendered":"<p data-start=\"1955\" data-end=\"2255\">Die Meister-Box ist eine komplette Auswahl dessen, was wir herstellen \u2013 viel Fleisch, gro\u00dfe Vielfalt und eine solide Menge f\u00fcr besondere Anl\u00e4sse. Du findest hier sowohl W\u00fcrste als auch verschiedene Sorten Schinken, Speck und Schweinelende. Das ist ein ideales Set f\u00fcr Familientreffen, Feiertage oder wenn du einen Vorrat f\u00fcr l\u00e4ngere Zeit anlegen m\u00f6chtest.<\/p>","protected":false},"excerpt":{"rendered":"<p>Das gr\u00f6\u00dfte und pr\u00e4chtigste Set \u2013 f\u00fcr wahre Kenner, ideal f\u00fcr gro\u00dfe Anl\u00e4sse!<\/p>","protected":false},"featured_media":71791,"comment_status":"open","ping_status":"closed","template":"","meta":{"_acf_changed":false},"product_brand":[],"product_cat":[18,43],"product_tag":[32],"class_list":{"0":"post-5005","1":"product","2":"type-product","3":"status-publish","4":"has-post-thumbnail","6":"product_cat-bez-kategorii","7":"product_cat-nowe","8":"product_tag-krolewski","10":"first","11":"instock","12":"taxable","13":"shipping-taxable","14":"purchasable","15":"product-type-simple"},"acf":[],"_links":{"self":[{"href":"https:\/\/wedlinyzjedliny.pl\/de\/wp-json\/wp\/v2\/product\/5005","targetHints":{"allow":["GET"]}}],"collection":[{"href":"https:\/\/wedlinyzjedliny.pl\/de\/wp-json\/wp\/v2\/product"}],"about":[{"href":"https:\/\/wedlinyzjedliny.pl\/de\/wp-json\/wp\/v2\/types\/product"}],"replies":[{"embeddable":true,"href":"https:\/\/wedlinyzjedliny.pl\/de\/wp-json\/wp\/v2\/comments?post=5005"}],"wp:featuredmedia":[{"embeddable":true,"href":"https:\/\/wedlinyzjedliny.pl\/de\/wp-json\/wp\/v2\/media\/71791"}],"wp:attachment":[{"href":"https:\/\/wedlinyzjedliny.pl\/de\/wp-json\/wp\/v2\/media?parent=5005"}],"wp:term":[{"taxonomy":"product_brand","embeddable":true,"href":"https:\/\/wedlinyzjedliny.pl\/de\/wp-json\/wp\/v2\/product_brand?post=5005"},{"taxonomy":"product_cat","embeddable":true,"href":"https:\/\/wedlinyzjedliny.pl\/de\/wp-json\/wp\/v2\/product_cat?post=5005"},{"taxonomy":"product_tag","embeddable":true,"href":"https:\/\/wedlinyzjedliny.pl\/de\/wp-json\/wp\/v2\/product_tag?post=5005"}],"curies":[{"name":"wp","href":"https:\/\/api.w.org\/{rel}","templated":true}]}}