{"id":5003,"date":"2025-09-08T02:56:53","date_gmt":"2025-09-08T00:56:53","guid":{"rendered":"https:\/\/wedlinyzjedliny.pl\/?post_type=product&#038;p=5003"},"modified":"2026-04-16T16:46:15","modified_gmt":"2026-04-16T14:46:15","slug":"box-wypas","status":"publish","type":"product","link":"https:\/\/wedlinyzjedliny.pl\/de\/produkt\/box-wypas\/","title":{"rendered":"Box Wypas"},"content":{"rendered":"<p data-start=\"1370\" data-end=\"1672\">Box Wypas to ju\u017c konkretny zestaw dla os\u00f3b, kt\u00f3re chc\u0105 wi\u0119cej. R\u00f3\u017cne rodzaje kie\u0142bas, boczek, szynki i dodatki sprawiaj\u0105, \u017ce masz pe\u0142en przekr\u00f3j smak\u00f3w w jednym miejscu. \u015awietnie sprawdzi si\u0119 przy wi\u0119kszych spotkaniach albo gdy po prostu nie chcesz si\u0119 martwi\u0107, co b\u0119dzie do jedzenia przez kilka dni.<\/p>","protected":false},"excerpt":{"rendered":"<p data-start=\"1223\" data-end=\"1348\">Du\u017cy zestaw dla tych, kt\u00f3rzy lubi\u0105 mie\u0107 wyb\u00f3r i konkretn\u0105 ilo\u015b\u0107 mi\u0119sa. Idealny na kilka dni albo na podzielenie si\u0119 z innymi.<\/p>","protected":false},"featured_media":71790,"comment_status":"open","ping_status":"closed","template":"","meta":{"_acf_changed":false},"product_brand":[],"product_cat":[29],"product_tag":[31],"class_list":{"0":"post-5003","1":"product","2":"type-product","3":"status-publish","4":"has-post-thumbnail","6":"product_cat-nowy","7":"product_tag-biesiadny","9":"first","10":"instock","11":"taxable","12":"shipping-taxable","13":"purchasable","14":"product-type-simple"},"acf":[],"_links":{"self":[{"href":"https:\/\/wedlinyzjedliny.pl\/de\/wp-json\/wp\/v2\/product\/5003","targetHints":{"allow":["GET"]}}],"collection":[{"href":"https:\/\/wedlinyzjedliny.pl\/de\/wp-json\/wp\/v2\/product"}],"about":[{"href":"https:\/\/wedlinyzjedliny.pl\/de\/wp-json\/wp\/v2\/types\/product"}],"replies":[{"embeddable":true,"href":"https:\/\/wedlinyzjedliny.pl\/de\/wp-json\/wp\/v2\/comments?post=5003"}],"wp:featuredmedia":[{"embeddable":true,"href":"https:\/\/wedlinyzjedliny.pl\/de\/wp-json\/wp\/v2\/media\/71790"}],"wp:attachment":[{"href":"https:\/\/wedlinyzjedliny.pl\/de\/wp-json\/wp\/v2\/media?parent=5003"}],"wp:term":[{"taxonomy":"product_brand","embeddable":true,"href":"https:\/\/wedlinyzjedliny.pl\/de\/wp-json\/wp\/v2\/product_brand?post=5003"},{"taxonomy":"product_cat","embeddable":true,"href":"https:\/\/wedlinyzjedliny.pl\/de\/wp-json\/wp\/v2\/product_cat?post=5003"},{"taxonomy":"product_tag","embeddable":true,"href":"https:\/\/wedlinyzjedliny.pl\/de\/wp-json\/wp\/v2\/product_tag?post=5003"}],"curies":[{"name":"wp","href":"https:\/\/api.w.org\/{rel}","templated":true}]}}