{"id":5001,"date":"2025-09-08T02:56:07","date_gmt":"2025-09-08T00:56:07","guid":{"rendered":"https:\/\/wedlinyzjedliny.pl\/?post_type=product&#038;p=5001"},"modified":"2026-04-24T17:55:28","modified_gmt":"2026-04-24T15:55:28","slug":"box-codzienny","status":"publish","type":"product","link":"https:\/\/wedlinyzjedliny.pl\/de\/produkt\/box-codzienny\/","title":{"rendered":"T\u00e4gliche Box"},"content":{"rendered":"<p data-start=\"887\" data-end=\"1166\">Eine Box f\u00fcr alle, die jeden Tag etwas Gutes zur Hand haben m\u00f6chten. Du findest hier verschiedene Wurstwaren \u2013 von W\u00fcrstchen und Schinken bis hin zu Pastete und Kabanossi. Sie eignet sich sowohl f\u00fcr ein schnelles Fr\u00fchst\u00fcck als auch f\u00fcr ein entspanntes Abendessen. Das ist ein Set, das den Alltag beim Essen einfach erleichtert.<\/p>","protected":false},"excerpt":{"rendered":"<p data-start=\"757\" data-end=\"865\">Ein Set, das sich f\u00fcr den Alltag eignet \u2013 f\u00fcr Sandwiches, Fr\u00fchst\u00fcck und Abendessen. Einfach, klar und immer griffbereit.<\/p>","protected":false},"featured_media":71788,"comment_status":"open","ping_status":"closed","template":"","meta":{"_acf_changed":false},"product_brand":[],"product_cat":[18,43],"product_tag":[33],"class_list":{"0":"post-5001","1":"product","2":"type-product","3":"status-publish","4":"has-post-thumbnail","6":"product_cat-bez-kategorii","7":"product_cat-nowe","8":"product_tag-chlopski","10":"first","11":"instock","12":"taxable","13":"shipping-taxable","14":"purchasable","15":"product-type-simple"},"acf":[],"_links":{"self":[{"href":"https:\/\/wedlinyzjedliny.pl\/de\/wp-json\/wp\/v2\/product\/5001","targetHints":{"allow":["GET"]}}],"collection":[{"href":"https:\/\/wedlinyzjedliny.pl\/de\/wp-json\/wp\/v2\/product"}],"about":[{"href":"https:\/\/wedlinyzjedliny.pl\/de\/wp-json\/wp\/v2\/types\/product"}],"replies":[{"embeddable":true,"href":"https:\/\/wedlinyzjedliny.pl\/de\/wp-json\/wp\/v2\/comments?post=5001"}],"wp:featuredmedia":[{"embeddable":true,"href":"https:\/\/wedlinyzjedliny.pl\/de\/wp-json\/wp\/v2\/media\/71788"}],"wp:attachment":[{"href":"https:\/\/wedlinyzjedliny.pl\/de\/wp-json\/wp\/v2\/media?parent=5001"}],"wp:term":[{"taxonomy":"product_brand","embeddable":true,"href":"https:\/\/wedlinyzjedliny.pl\/de\/wp-json\/wp\/v2\/product_brand?post=5001"},{"taxonomy":"product_cat","embeddable":true,"href":"https:\/\/wedlinyzjedliny.pl\/de\/wp-json\/wp\/v2\/product_cat?post=5001"},{"taxonomy":"product_tag","embeddable":true,"href":"https:\/\/wedlinyzjedliny.pl\/de\/wp-json\/wp\/v2\/product_tag?post=5001"}],"curies":[{"name":"wp","href":"https:\/\/api.w.org\/{rel}","templated":true}]}}