{"id":41,"date":"2025-03-10T22:00:39","date_gmt":"2025-03-10T21:00:39","guid":{"rendered":"https:\/\/wedlinyzjedliny.pl\/?page_id=41"},"modified":"2025-09-16T03:47:35","modified_gmt":"2025-09-16T01:47:35","slug":"korb","status":"publish","type":"page","link":"https:\/\/wedlinyzjedliny.pl\/de\/koszyk\/","title":{"rendered":"Warenkorb"},"content":{"rendered":"<div data-elementor-type=\"wp-page\" data-elementor-id=\"41\" class=\"elementor elementor-41\" data-elementor-post-type=\"page\">\n\t\t\t\t<div class=\"elementor-element elementor-element-3dd2ba7 e-flex e-con-boxed e-con e-parent\" data-id=\"3dd2ba7\" data-element_type=\"container\" data-e-type=\"container\">\n\t\t\t\t\t<div class=\"e-con-inner\">\n\t\t\t\t\t<\/div>\n\t\t\t\t<\/div>\n\t\t\t\t<\/div>","protected":false},"excerpt":{"rendered":"<p>Usu\u0144 Miniatura Produkt Cena Ilo\u015b\u0107 Kwota &times; Box Kr\u00f3lewski 418,95&nbsp;&#122;&#322; ilo\u015b\u0107 Box Kr\u00f3lewski 418,95&nbsp;&#122;&#322; (z VAT) Podsumowanie Kwota 418,95&nbsp;&#122;&#322; (z VAT) Wysy\u0142ka Inpost paczkomat (Bezp\u0142atnie) Rozmiar paczki: C Inpost kurier (Bezp\u0142atnie) Wysy\u0142ka do: Calle Mayor 15, 3\u00baB, 41-208 Sosnowiec. Zmie\u0144 adres Kraj \/ region Wybierz kraj\/region&hellip;AfganistanAlbaniaAlgieriaAndoraAngolaAnguillaAntarktydaAntigua i BarbudaArabia SaudyjskaArgentynaArmeniaArubaAustraliaAustriaAzerbejd\u017canBahamyBahrajnBangladeszBarbadosBelauBelgiaBelizeBeninBermudyBhutanBia\u0142oru\u015bBoliwiaBo\u015bnia i HercegowinaBotswanaBrazyliaBrazzavilleBruneiBrytyjskie Terytorium Oceanu IndyjskiegoBu\u0142gariaBurkina FasoBurundiChileChinyChorwacjaCura&ccedil;aoCyprCzadCzarnog\u00f3raDalekie [&hellip;]<\/p>\n","protected":false},"author":1,"featured_media":0,"parent":0,"menu_order":0,"comment_status":"closed","ping_status":"closed","template":"","meta":{"_acf_changed":false,"footnotes":""},"class_list":["post-41","page","type-page","status-publish","hentry"],"acf":[],"_links":{"self":[{"href":"https:\/\/wedlinyzjedliny.pl\/de\/wp-json\/wp\/v2\/pages\/41","targetHints":{"allow":["GET"]}}],"collection":[{"href":"https:\/\/wedlinyzjedliny.pl\/de\/wp-json\/wp\/v2\/pages"}],"about":[{"href":"https:\/\/wedlinyzjedliny.pl\/de\/wp-json\/wp\/v2\/types\/page"}],"author":[{"embeddable":true,"href":"https:\/\/wedlinyzjedliny.pl\/de\/wp-json\/wp\/v2\/users\/1"}],"replies":[{"embeddable":true,"href":"https:\/\/wedlinyzjedliny.pl\/de\/wp-json\/wp\/v2\/comments?post=41"}],"version-history":[{"count":45,"href":"https:\/\/wedlinyzjedliny.pl\/de\/wp-json\/wp\/v2\/pages\/41\/revisions"}],"predecessor-version":[{"id":6665,"href":"https:\/\/wedlinyzjedliny.pl\/de\/wp-json\/wp\/v2\/pages\/41\/revisions\/6665"}],"wp:attachment":[{"href":"https:\/\/wedlinyzjedliny.pl\/de\/wp-json\/wp\/v2\/media?parent=41"}],"curies":[{"name":"wp","href":"https:\/\/api.w.org\/{rel}","templated":true}]}}